{"id":1,"date":"2019-09-10T13:03:23","date_gmt":"2019-09-10T13:03:23","guid":{"rendered":"https:\/\/polevibes.com\/?page_id=1"},"modified":"2026-05-03T17:15:58","modified_gmt":"2026-05-03T17:15:58","slug":"home","status":"publish","type":"page","link":"https:\/\/polevibes.com\/","title":{"rendered":"Accueil"},"content":{"rendered":"<div>Pole Vibes<\/div>\n<h1>Studio de Pole dance<\/h1>\n<h2>Venez d\u00e9couvrir notre studio de pole dance<\/h2>\n<p><img decoding=\"async\" src=\"\/wp-content\/uploads\/2026\/05\/image00003-111-scaled.jpg\" alt=\"\"><\/p>\n<h2>Qu&rsquo;est ce que la pole dance ?<\/h2>\n<div>\n<p>C\u2019est une discipline sportive unique en son genre, associant \u00e0 la danse une dimension a\u00e9rienne et acrobatique.<br \/>\u00c0 travers cette pratique, tu d\u00e9veloppes ta souplesse, ta coordination ainsi que ton renforcement musculaire participant \u00e0 am\u00e9liorer ton image corporelle.<\/p>\n<p>Dans notre studio pens\u00e9 pour la pratique de la <strong>pole dance<\/strong>, chaque cours allie sport, expression et confiance en soi, pour te permettre de progresser tout en profitant d\u2019un moment pour toi.<br \/><span data-ogsc=\"rgb(0, 0, 0)\"><\/span><\/p>\n<\/div>\n<p><img decoding=\"async\" src=\"\/wp-content\/uploads\/2026\/05\/image00015-111-scaled.jpg\" alt=\"\"><\/p>\n<h2>Cours<\/h2>\n<div>\n<p>Tu peux t\u2019inscrire \u00e0 nos cours de <strong data-start=\"532\" data-end=\"584\">pole dance \u00e0 tout moment de l\u2019ann\u00e9e<\/strong>, quel que soit ton \u00e2ge ou ton exp\u00e9rience.<br \/>Les cours sont structur\u00e9s par niveaux <strong>(initiations, d\u00e9butant, interm\u00e9diaire)<\/strong> afin de permettre \u00e0 chaque \u00e9l\u00e8ve de progresser \u00e0 son rythme.<br \/>Cette organisation garantit un apprentissage dans les meilleures conditions, afin de prendre confiance au fil des s\u00e9ances.<\/p>\n<\/div>\n<p><p>\n        <a href=\"https:\/\/polevibes.com\/?page_id=19\">En savoir plus<\/a>\n    <\/p>\n<\/p>\n<p><img decoding=\"async\" src=\"\/wp-content\/uploads\/2026\/05\/image00029-111-scaled.jpg\" alt=\"\"><\/p>\n<h2>\u00c9v\u00e8nements<\/h2>\n<div>\n<p>Organise un moment inoubliable en privatisant notre studio pendant 1h30 pour un <strong data-start=\"695\" data-end=\"745\">cours de pole dance <\/strong>entre proches.<br \/>Dans un espace agr\u00e9able et convivial, d\u00e9couvrez la pole dance lors d\u2019une s\u00e9ance accessible \u00e0 tous les niveaux.<br \/>Id\u00e9al pour un <strong data-start=\"879\" data-end=\"941\">EVJF, EVG <\/strong>ou un<strong data-start=\"879\" data-end=\"941\"> anniversaire<\/strong>, ce cours priv\u00e9 vous permettra de vivre une exp\u00e9rience sportive et ludique avec vos proches.<\/p>\n<\/div>\n<p><p>\n        <a href=\"https:\/\/polevibes.com\/?page_id=6\">En savoir plus<\/a>\n    <\/p>\n<\/p>\n<blockquote>\n<h3>Bienvenue chez Pole Vibes, d\u00e9couvre et pratique la pole dance pr\u00e8s de chez toi<\/h3>\n<\/blockquote>\n<h2>Tu as une question ?<\/h2>\n<div>\n<p>Avant de r\u00e9server ton <strong data-start=\"121\" data-end=\"144\">cours de pole dance<\/strong>, consultez notre <strong data-start=\"162\" data-end=\"169\">FAQ :<\/strong><br \/>Niveaux, d\u00e9roulement des cours, tenue conseill\u00e9e, modalit\u00e9s de r\u00e9servation.<br data-start=\"247\" data-end=\"250\" \/>Toutes les informations essentielles pour d\u00e9buter la pole dance facilement.<\/p>\n<\/div>\n<p><p>\n        <a href=\"https:\/\/polevibes.com\/?page_id=3#faq\">En savoir plus<\/a>\n    <\/p>\n<\/p>\n<p><!--more--><br \/>\n<!-- {\"type\":\"layout\",\"children\":[{\"type\":\"section\",\"props\":{\"header_transparent\":true,\"header_transparent_noplaceholder\":false,\"height\":\"viewport\",\"height_viewport_offset\":true,\"image_effect\":\"parallax\",\"image_loading\":true,\"image_parallax_bgy\":\"-5vh,4vh\",\"image_parallax_easing\":\"1\",\"image_position\":\"top-center\",\"image_size\":\"cover\",\"image_width\":\"2560\",\"overlap\":false,\"padding_bottom\":\"large\",\"padding_top\":\"large\",\"style\":\"default\",\"text_color\":\"light\",\"title\":\"Apprends la Pole chez Pole Vibes\",\"title_breakpoint\":\"xl\",\"title_position\":\"bottom-right\",\"title_rotation\":\"left\",\"vertical_align\":\"middle\",\"video\":\"wp-content\/uploads\/2026\/05\/Design-sans-titre.mp4\",\"width\":\"xsmall\"},\"children\":[{\"type\":\"row\",\"children\":[{\"type\":\"column\",\"props\":{\"image_position\":\"center-center\",\"position_sticky_breakpoint\":\"m\",\"width_medium\":\"1-1\"},\"children\":[{\"type\":\"headline\",\"props\":{\"content\":\"Pole Vibes\",\"css\":\".el-element { \\n    text-transform: none;\\n    font-size: 30px;\\n}\",\"image_align\":\"left\",\"image_margin\":\"xsmall\",\"margin_bottom\":\"default\",\"margin_top\":\"default\",\"text_align\":\"center\",\"title_element\":\"div\",\"title_font_family\":\"tertiary\",\"title_style\":\"h2\"}},{\"type\":\"headline\",\"props\":{\"content\":\"Studio de Pole dance\",\"image_align\":\"left\",\"image_margin\":\"xsmall\",\"text_align\":\"center\",\"title_element\":\"h1\",\"title_style\":\"h1\"}}]}]}],\"name\":\"Banner accueil\"},{\"type\":\"section\",\"props\":{\"image_position\":\"center-center\",\"style\":\"default\",\"title_breakpoint\":\"xl\",\"title_position\":\"top-left\",\"title_rotation\":\"left\",\"vertical_align\":\"\",\"width\":\"default\"},\"children\":[{\"type\":\"row\",\"props\":{\"margin_bottom\":\"medium\",\"margin_top\":\"medium\"},\"children\":[{\"type\":\"column\",\"props\":{\"image_position\":\"center-center\",\"position_sticky_breakpoint\":\"m\",\"width_medium\":\"1-1\"},\"children\":[{\"type\":\"headline\",\"props\":{\"block_align_breakpoint\":\"m\",\"block_align_fallback\":\"center\",\"content\":\"Venez d\u00e9couvrir notre studio de pole dance\",\"image_align\":\"left\",\"image_margin\":\"xsmall\",\"margin_bottom\":\"small\",\"margin_top\":\"default\",\"maxwidth\":\"xlarge\",\"text_align\":\"center\",\"text_align_fallback\":\"center\",\"title_element\":\"h2\",\"title_style\":\"h3\"}}]}]},{\"type\":\"row\",\"props\":{\"column_gap\":\"large\",\"layout\":\"1-2,1-2\",\"row_gap\":\"large\"},\"children\":[{\"type\":\"column\",\"props\":{\"image_position\":\"center-center\",\"position_sticky_breakpoint\":\"m\",\"vertical_align\":\"middle\",\"width_small\":\"1-2\"},\"children\":[{\"type\":\"image\",\"props\":{\"animation\":\"parallax\",\"image\":\"wp-content\/uploads\/2026\/05\/image00003-111-scaled.jpg\",\"image_box_decoration\":\"default\",\"image_box_decoration_inverse\":true,\"image_height\":500,\"image_svg_color\":\"emphasis\",\"image_width\":420,\"margin_bottom\":\"default\",\"margin_top\":\"default\",\"parallax_easing\":\"1\",\"parallax_y\":\"0,3vh\",\"text_align\":\"center\"}}]},{\"type\":\"column\",\"props\":{\"image_position\":\"center-center\",\"position_sticky_breakpoint\":\"m\",\"vertical_align\":\"middle\",\"width_small\":\"1-2\"},\"children\":[{\"type\":\"headline\",\"props\":{\"block_align\":\"center\",\"content\":\"Qu'est ce que la pole dance ?\",\"image_align\":\"left\",\"image_margin\":\"xsmall\",\"maxwidth\":\"large\",\"text_align\":\"left\",\"text_align_breakpoint\":\"s\",\"text_align_fallback\":\"center\",\"title_element\":\"h2\",\"title_style\":\"h4\"}},{\"type\":\"text\",\"props\":{\"block_align\":\"center\",\"column_breakpoint\":\"m\",\"content\":\"\n\n<p>C\u2019est une discipline sportive unique en son genre, associant \u00e0 la danse une dimension a\u00e9rienne et acrobatique.<br \/>\u00c0 travers cette pratique, tu d\u00e9veloppes ta souplesse, ta coordination ainsi que ton renforcement musculaire participant \u00e0 am\u00e9liorer ton image corporelle.\n\nDans notre studio pens\u00e9 pour la pratique de la <strong>pole dance<\/strong>, chaque cours allie sport, expression et confiance en soi, pour te permettre de progresser tout en profitant d\u2019un moment pour toi.<br \/><span data-ogsc=\\\"rgb(0, 0, 0)\\\"><\/span><\/p>\n\n\",\"margin_bottom\":\"medium\",\"margin_top\":\"medium\",\"maxwidth\":\"large\",\"maxwidth_breakpoint\":\"s\",\"text_align\":\"left\",\"text_align_breakpoint\":\"s\",\"text_align_fallback\":\"center\"}}]}]},{\"type\":\"row\",\"props\":{\"column_gap\":\"large\",\"layout\":\"1-2,1-2\",\"margin_bottom\":\"large\",\"margin_top\":\"large\",\"row_gap\":\"large\"},\"children\":[{\"type\":\"column\",\"props\":{\"image_position\":\"center-center\",\"position_sticky_breakpoint\":\"m\",\"vertical_align\":\"middle\",\"width_small\":\"1-2\"},\"children\":[{\"type\":\"image\",\"props\":{\"animation\":\"parallax\",\"image\":\"wp-content\/uploads\/2026\/05\/image00015-111-scaled.jpg\",\"image_box_decoration\":\"default\",\"image_box_decoration_inverse\":true,\"image_height\":500,\"image_svg_color\":\"emphasis\",\"image_width\":420,\"margin_bottom\":\"default\",\"margin_top\":\"default\",\"parallax_easing\":\"1\",\"parallax_y\":\"0,3vh\",\"text_align\":\"center\"}}]},{\"type\":\"column\",\"props\":{\"image_position\":\"center-center\",\"order_first\":\"s\",\"position_sticky_breakpoint\":\"m\",\"vertical_align\":\"middle\",\"width_small\":\"1-2\"},\"children\":[{\"type\":\"headline\",\"props\":{\"block_align\":\"center\",\"content\":\"Cours\",\"image_align\":\"left\",\"image_margin\":\"xsmall\",\"maxwidth\":\"large\",\"text_align\":\"left\",\"text_align_breakpoint\":\"s\",\"text_align_fallback\":\"center\",\"title_element\":\"h2\",\"title_style\":\"h4\"}},{\"type\":\"text\",\"props\":{\"block_align\":\"center\",\"column_breakpoint\":\"m\",\"content\":\"\n\n<p>Tu peux t\u2019inscrire \u00e0 nos cours de <strong data-start=\\\"532\\\" data-end=\\\"584\\\">pole dance \u00e0 tout moment de l\u2019ann\u00e9e<\/strong>, quel que soit ton \u00e2ge ou ton exp\u00e9rience.<br \/>Les cours sont structur\u00e9s par niveaux <strong>(initiations, d\u00e9butant, interm\u00e9diaire)<\/strong> afin de permettre \u00e0 chaque \u00e9l\u00e8ve de progresser \u00e0 son rythme.<br \/>Cette organisation garantit un apprentissage dans les meilleures conditions, afin de prendre confiance au fil des s\u00e9ances.<\/p>\n\n\",\"margin_bottom\":\"medium\",\"margin_top\":\"medium\",\"maxwidth\":\"large\",\"maxwidth_breakpoint\":\"s\",\"text_align\":\"left\",\"text_align_breakpoint\":\"s\",\"text_align_fallback\":\"center\"}},{\"type\":\"button\",\"props\":{\"block_align\":\"center\",\"grid_column_gap\":\"small\",\"grid_row_gap\":\"small\",\"margin_bottom\":\"default\",\"margin_top\":\"default\",\"maxwidth\":\"large\",\"maxwidth_breakpoint\":\"s\",\"text_align\":\"left\",\"text_align_breakpoint\":\"s\",\"text_align_fallback\":\"center\"},\"children\":[{\"type\":\"button_item\",\"props\":{\"button_style\":\"default\",\"content\":\"En savoir plus\",\"dialog_layout\":\"modal\",\"dialog_offcanvas_flip\":true,\"icon_align\":\"left\",\"link\":\"https:\/\/polevibes.com\/?page_id=19\"}}]}]}]},{\"type\":\"row\",\"props\":{\"column_gap\":\"large\",\"layout\":\"1-2,1-2\",\"row_gap\":\"large\"},\"children\":[{\"type\":\"column\",\"props\":{\"image_position\":\"center-center\",\"position_sticky_breakpoint\":\"m\",\"width_small\":\"1-2\"},\"children\":[{\"type\":\"image\",\"props\":{\"animation\":\"parallax\",\"image\":\"wp-content\/uploads\/2026\/05\/image00029-111-scaled.jpg\",\"image_box_decoration\":\"default\",\"image_box_decoration_inverse\":true,\"image_height\":500,\"image_svg_color\":\"emphasis\",\"image_width\":420,\"margin_bottom\":\"default\",\"margin_top\":\"default\",\"parallax_easing\":\"1\",\"parallax_y\":\"0,-3vh\",\"text_align\":\"center\"}}]},{\"type\":\"column\",\"props\":{\"image_position\":\"center-center\",\"position_sticky_breakpoint\":\"m\",\"vertical_align\":\"middle\",\"width_small\":\"1-2\"},\"children\":[{\"type\":\"headline\",\"props\":{\"block_align\":\"center\",\"content\":\"\u00c9v\u00e8nements\",\"image_align\":\"left\",\"image_margin\":\"xsmall\",\"maxwidth\":\"large\",\"text_align\":\"left\",\"text_align_breakpoint\":\"s\",\"text_align_fallback\":\"center\",\"title_element\":\"h2\",\"title_style\":\"h4\"}},{\"type\":\"text\",\"props\":{\"block_align\":\"center\",\"column_breakpoint\":\"m\",\"content\":\"\n\n<p>Organise un moment inoubliable en privatisant notre studio pendant 1h30 pour un <strong data-start=\\\"695\\\" data-end=\\\"745\\\">cours de pole dance <\/strong>entre proches.<br \/>Dans un espace agr\u00e9able et convivial, d\u00e9couvrez la pole dance lors d\u2019une s\u00e9ance accessible \u00e0 tous les niveaux.<br \/>Id\u00e9al pour un <strong data-start=\\\"879\\\" data-end=\\\"941\\\">EVJF, EVG <\/strong>ou un<strong data-start=\\\"879\\\" data-end=\\\"941\\\"> anniversaire<\/strong>, ce cours priv\u00e9 vous permettra de vivre une exp\u00e9rience sportive et ludique avec vos proches.<\/p>\n\n\",\"margin_bottom\":\"medium\",\"margin_top\":\"medium\",\"maxwidth\":\"large\",\"maxwidth_breakpoint\":\"s\",\"text_align\":\"left\",\"text_align_breakpoint\":\"s\",\"text_align_fallback\":\"center\"}},{\"type\":\"button\",\"props\":{\"block_align\":\"center\",\"grid_column_gap\":\"small\",\"grid_row_gap\":\"small\",\"margin_bottom\":\"default\",\"margin_top\":\"default\",\"maxwidth\":\"large\",\"maxwidth_breakpoint\":\"s\",\"text_align\":\"left\",\"text_align_breakpoint\":\"s\",\"text_align_fallback\":\"center\"},\"children\":[{\"type\":\"button_item\",\"props\":{\"button_style\":\"default\",\"content\":\"En savoir plus\",\"dialog_layout\":\"modal\",\"dialog_offcanvas_flip\":true,\"icon_align\":\"left\",\"link\":\"https:\/\/polevibes.com\/?page_id=6\"}}]}]}]}],\"name\":\"Description Accueil\"},{\"type\":\"section\",\"props\":{\"image\":\"wp-content\/uploads\/2026\/04\/1776703857947-222.jpg\",\"image_effect\":\"parallax\",\"image_parallax_bgy\":\"5vh,-10vh\",\"image_parallax_breakpoint\":\"s\",\"image_parallax_easing\":\"1\",\"image_position\":\"center-center\",\"image_size\":\"cover\",\"image_width\":\"2560\",\"padding_bottom\":\"xlarge\",\"padding_top\":\"xlarge\",\"style\":\"default\",\"title_breakpoint\":\"xl\",\"title_position\":\"top-left\",\"title_rotation\":\"left\",\"vertical_align\":\"\",\"width\":\"large\"},\"children\":[{\"type\":\"row\",\"props\":{\"layout\":\"1-2,1-2\"},\"children\":[{\"type\":\"column\",\"props\":{\"image_position\":\"center-center\",\"position_sticky_breakpoint\":\"m\",\"width_medium\":\"1-2\"}},{\"type\":\"column\",\"props\":{\"image_position\":\"center-center\",\"padding\":\"large\",\"position_sticky_breakpoint\":\"m\",\"style\":\"tile-default\",\"vertical_align\":\"middle\",\"width_medium\":\"1-2\"},\"children\":[{\"type\":\"quotation\",\"props\":{\"content\":\"\n\n<h3>Bienvenue chez Pole Vibes, d\u00e9couvre et pratique la pole dance pr\u00e8s de chez toi<\/h3>\n\n\",\"text_align\":\"center\"}}]}]}],\"name\":\"Quote acceuil\"},{\"type\":\"section\",\"props\":{\"image_position\":\"center-center\",\"padding_bottom\":\"large\",\"padding_top\":\"xlarge\",\"preserve_color\":false,\"style\":\"\",\"title_breakpoint\":\"xl\",\"title_position\":\"top-left\",\"title_rotation\":\"left\",\"vertical_align\":\"\",\"width\":\"xlarge\"},\"children\":[{\"type\":\"row\",\"props\":{\"layout\":\"expand,large,expand\"},\"children\":[{\"type\":\"column\",\"props\":{\"image_position\":\"center-center\",\"position_sticky_breakpoint\":\"m\",\"vertical_align\":\"bottom\",\"width_medium\":\"expand\"}},{\"type\":\"column\",\"props\":{\"image_position\":\"center-center\",\"position_sticky_breakpoint\":\"m\",\"width_medium\":\"2xlarge\"},\"children\":[{\"type\":\"headline\",\"props\":{\"content\":\"Tu as une question ?\",\"image_align\":\"left\",\"image_margin\":\"xsmall\",\"position\":\"relative\",\"position_z_index\":\"1\",\"text_align\":\"center\",\"title_element\":\"h2\",\"title_style\":\"h3\"}},{\"type\":\"text\",\"props\":{\"column_breakpoint\":\"m\",\"content\":\"\n\n<p>Avant de r\u00e9server ton <strong data-start=\\\"121\\\" data-end=\\\"144\\\">cours de pole dance<\/strong>, consultez notre <strong data-start=\\\"162\\\" data-end=\\\"169\\\">FAQ :<\/strong><br \/>Niveaux, d\u00e9roulement des cours, tenue conseill\u00e9e, modalit\u00e9s de r\u00e9servation.<br data-start=\\\"247\\\" data-end=\\\"250\\\" \/>Toutes les informations essentielles pour d\u00e9buter la pole dance facilement.<\/p>\n\n\",\"margin_bottom\":\"medium\",\"margin_top\":\"medium\",\"position\":\"relative\",\"position_z_index\":\"1\",\"text_align\":\"center\",\"text_color\":\"muted\"}},{\"type\":\"button\",\"props\":{\"grid_column_gap\":\"small\",\"grid_row_gap\":\"small\",\"margin_bottom\":\"\",\"margin_top\":\"\",\"position\":\"relative\",\"position_z_index\":\"1\",\"text_align\":\"center\"},\"children\":[{\"type\":\"button_item\",\"props\":{\"button_style\":\"default\",\"content\":\"En savoir plus\",\"dialog_layout\":\"modal\",\"dialog_offcanvas_flip\":true,\"icon_align\":\"left\",\"link\":\"https:\/\/polevibes.com\/?page_id=3#faq\"}}]}]},{\"type\":\"column\",\"props\":{\"image_position\":\"center-center\",\"position_sticky_breakpoint\":\"m\",\"width_medium\":\"expand\"}}]}],\"name\":\"Call to Action accueil\"}],\"version\":\"5.0.22\"} --><\/p>\n","protected":false},"excerpt":{"rendered":"<p>Pole Vibes Studio de Pole dance Venez d\u00e9couvrir notre studio de pole dance Qu&rsquo;est ce que la pole dance ? C\u2019est une discipline sportive unique en son genre, associant \u00e0 la danse une dimension a\u00e9rienne et acrobatique.\u00c0 travers cette pratique, tu d\u00e9veloppes ta souplesse, ta coordination ainsi que ton renforcement musculaire participant \u00e0 am\u00e9liorer ton [&hellip;]<\/p>\n","protected":false},"author":1,"featured_media":0,"parent":0,"menu_order":1,"comment_status":"closed","ping_status":"closed","template":"","meta":{"footnotes":""},"class_list":["post-1","page","type-page","status-publish","hentry"],"aioseo_notices":[],"_links":{"self":[{"href":"https:\/\/polevibes.com\/index.php?rest_route=\/wp\/v2\/pages\/1","targetHints":{"allow":["GET"]}}],"collection":[{"href":"https:\/\/polevibes.com\/index.php?rest_route=\/wp\/v2\/pages"}],"about":[{"href":"https:\/\/polevibes.com\/index.php?rest_route=\/wp\/v2\/types\/page"}],"author":[{"embeddable":true,"href":"https:\/\/polevibes.com\/index.php?rest_route=\/wp\/v2\/users\/1"}],"replies":[{"embeddable":true,"href":"https:\/\/polevibes.com\/index.php?rest_route=%2Fwp%2Fv2%2Fcomments&post=1"}],"version-history":[{"count":161,"href":"https:\/\/polevibes.com\/index.php?rest_route=\/wp\/v2\/pages\/1\/revisions"}],"predecessor-version":[{"id":2995,"href":"https:\/\/polevibes.com\/index.php?rest_route=\/wp\/v2\/pages\/1\/revisions\/2995"}],"wp:attachment":[{"href":"https:\/\/polevibes.com\/index.php?rest_route=%2Fwp%2Fv2%2Fmedia&parent=1"}],"curies":[{"name":"wp","href":"https:\/\/api.w.org\/{rel}","templated":true}]}}