{"id":2249,"date":"2026-03-02T16:39:41","date_gmt":"2026-03-02T16:39:41","guid":{"rendered":"https:\/\/polevibes.com\/?page_id=2249"},"modified":"2026-03-02T16:42:13","modified_gmt":"2026-03-02T16:42:13","slug":"mentions-legales","status":"publish","type":"page","link":"https:\/\/polevibes.com\/?page_id=2249","title":{"rendered":"Mentions L\u00e9gales"},"content":{"rendered":"\n<p><strong>Derni\u00e8re mise \u00e0 jour : 02\/03\/2026<\/strong><\/p>\n\n\n\n<p>Conform\u00e9ment aux dispositions de la loi n\u00b02004-575 du 21 juin 2004 pour la confiance dans l\u2019\u00e9conomie num\u00e9rique (LCEN), il est pr\u00e9cis\u00e9 aux utilisateurs du site <strong>Pole Vibes<\/strong> l\u2019identit\u00e9 des diff\u00e9rents intervenants dans le cadre de sa r\u00e9alisation et de son suivi.<\/p>\n\n\n\n<h2 class=\"wp-block-heading\">1. \u00c9diteur du site<\/h2>\n\n\n\n<p>Le pr\u00e9sent site est \u00e9dit\u00e9 par :<\/p>\n\n\n\n<p><strong>Pole Vibes<\/strong><br>Forme juridique : Entreprise individuelle<br>Adresse : 4 rue des champs 67520 Nordheim<br>Num\u00e9ro SIRET : 90259182500028<\/p>\n\n\n\n<p>Email : polevibes.strasbourg@gmail.com<br>T\u00e9l\u00e9phone : 07 82 02 73 91<\/p>\n\n\n\n<h2 class=\"wp-block-heading\">2. Directeur de la publication<\/h2>\n\n\n\n<p>Le Directeur de la publication du site est :<\/p>\n\n\n\n<p><strong>ALVES Joanna<\/strong><br>Fonction : G\u00e9rante<\/p>\n\n\n\n<h2 class=\"wp-block-heading\">3. H\u00e9bergeur du site<\/h2>\n\n\n\n<p>Le site est h\u00e9berg\u00e9 par :<\/p>\n\n\n\n<p><strong>H\u00e9bergeur :<\/strong> Hostinger<br><strong>Forme juridique :<\/strong> Soci\u00e9t\u00e9 priv\u00e9e (UAB \u2013 soci\u00e9t\u00e9 \u00e0 responsabilit\u00e9 limit\u00e9e de droit lituanien)<br><strong>Adresse :<\/strong> \u0160vitrigailos str. 34, Vilnius 03230, Lituanie<br><strong>T\u00e9l\u00e9phone :<\/strong> +370 645 03378<br><strong>Site internet :<\/strong> <a href=\"https:\/\/www.hostinger.com\">https:\/\/www.hostinger.com<\/a><\/p>\n\n\n\n<h2 class=\"wp-block-heading\">4. Propri\u00e9t\u00e9 intellectuelle<\/h2>\n\n\n\n<p>L\u2019ensemble du contenu pr\u00e9sent sur le site <strong>Pole vibes<\/strong>, incluant, de fa\u00e7on non limitative, les textes, images, graphismes, logo, ic\u00f4nes, sons, logiciels, est la propri\u00e9t\u00e9 exclusive de <strong>Pole Vibes<\/strong>, sauf mention contraire.<\/p>\n\n\n\n<p>Toute reproduction, repr\u00e9sentation, modification, publication, adaptation de tout ou partie des \u00e9l\u00e9ments du site, quel que soit le moyen ou le proc\u00e9d\u00e9 utilis\u00e9, est interdite sans l\u2019autorisation \u00e9crite pr\u00e9alable de l\u2019\u00e9diteur.<\/p>\n\n\n\n<h2 class=\"wp-block-heading\">5. Responsabilit\u00e9<\/h2>\n\n\n\n<p>L\u2019\u00e9diteur met en \u0153uvre tous les moyens raisonnables pour assurer l\u2019exactitude et la mise \u00e0 jour des informations diffus\u00e9es sur le site.<br>Toutefois, il ne saurait \u00eatre tenu responsable :<\/p>\n\n\n\n<ul class=\"wp-block-list\">\n<li>Des omissions ou inexactitudes<\/li>\n\n\n\n<li>D\u2019un dysfonctionnement du site<\/li>\n\n\n\n<li>De dommages directs ou indirects li\u00e9s \u00e0 l\u2019utilisation du site<\/li>\n<\/ul>\n\n\n\n<p>L\u2019utilisateur du site reconna\u00eet disposer des comp\u00e9tences et des moyens n\u00e9cessaires pour acc\u00e9der et utiliser ce site.<\/p>\n\n\n\n<h2 class=\"wp-block-heading\">6. Donn\u00e9es personnelles<\/h2>\n\n\n\n<p>Le traitement des donn\u00e9es personnelles est encadr\u00e9 par notre Politique de confidentialit\u00e9, accessible sur le site.<\/p>\n\n\n\n<p>Conform\u00e9ment au R\u00e8glement G\u00e9n\u00e9ral sur la Protection des Donn\u00e9es (RGPD), l\u2019utilisateur dispose de droits d\u2019acc\u00e8s, de rectification, d\u2019opposition et de suppression de ses donn\u00e9es.<\/p>\n\n\n\n<p>Pour plus d\u2019informations, veuillez consulter la page d\u00e9di\u00e9e \u00e0 la protection des donn\u00e9es.<\/p>\n\n\n\n<h2 class=\"wp-block-heading\">7. Droit applicable<\/h2>\n\n\n\n<p>Le pr\u00e9sent site est soumis au droit fran\u00e7ais.<br>En cas de litige, et \u00e0 d\u00e9faut de r\u00e9solution amiable, les tribunaux fran\u00e7ais seront seuls comp\u00e9tents.<\/p>\n","protected":false},"excerpt":{"rendered":"<p>Derni\u00e8re mise \u00e0 jour : 02\/03\/2026 Conform\u00e9ment aux dispositions de la loi n\u00b02004-575 du 21 juin 2004 pour la confiance dans l\u2019\u00e9conomie num\u00e9rique (LCEN), il est pr\u00e9cis\u00e9 aux utilisateurs du site Pole Vibes l\u2019identit\u00e9 des diff\u00e9rents intervenants dans le cadre de sa r\u00e9alisation et de son suivi. 1. \u00c9diteur du site Le pr\u00e9sent site est [&hellip;]<\/p>\n","protected":false},"author":1,"featured_media":0,"parent":0,"menu_order":0,"comment_status":"closed","ping_status":"closed","template":"","meta":{"footnotes":""},"class_list":["post-2249","page","type-page","status-publish","hentry"],"aioseo_notices":[],"_links":{"self":[{"href":"https:\/\/polevibes.com\/index.php?rest_route=\/wp\/v2\/pages\/2249","targetHints":{"allow":["GET"]}}],"collection":[{"href":"https:\/\/polevibes.com\/index.php?rest_route=\/wp\/v2\/pages"}],"about":[{"href":"https:\/\/polevibes.com\/index.php?rest_route=\/wp\/v2\/types\/page"}],"author":[{"embeddable":true,"href":"https:\/\/polevibes.com\/index.php?rest_route=\/wp\/v2\/users\/1"}],"replies":[{"embeddable":true,"href":"https:\/\/polevibes.com\/index.php?rest_route=%2Fwp%2Fv2%2Fcomments&post=2249"}],"version-history":[{"count":2,"href":"https:\/\/polevibes.com\/index.php?rest_route=\/wp\/v2\/pages\/2249\/revisions"}],"predecessor-version":[{"id":2251,"href":"https:\/\/polevibes.com\/index.php?rest_route=\/wp\/v2\/pages\/2249\/revisions\/2251"}],"wp:attachment":[{"href":"https:\/\/polevibes.com\/index.php?rest_route=%2Fwp%2Fv2%2Fmedia&parent=2249"}],"curies":[{"name":"wp","href":"https:\/\/api.w.org\/{rel}","templated":true}]}}