{"id":2252,"date":"2026-03-02T16:57:53","date_gmt":"2026-03-02T16:57:53","guid":{"rendered":"https:\/\/polevibes.com\/?page_id=2252"},"modified":"2026-03-02T16:57:53","modified_gmt":"2026-03-02T16:57:53","slug":"politique-de-cookies","status":"publish","type":"page","link":"https:\/\/polevibes.com\/?page_id=2252","title":{"rendered":"Politique de Cookies"},"content":{"rendered":"\n<p><\/p>\n\n\n\n<h2 class=\"wp-block-heading\">1. Qu\u2019est-ce qu\u2019un cookie ?<\/h2>\n\n\n\n<p>Un <strong>cookie<\/strong> est un petit fichier texte enregistr\u00e9 sur votre appareil (ordinateur, tablette, smartphone) lorsque vous visitez un site internet. Les cookies permettent au site de m\u00e9moriser certaines informations, telles que vos pr\u00e9f\u00e9rences, votre navigation ou votre identification, afin d\u2019am\u00e9liorer votre exp\u00e9rience utilisateur et d\u2019analyser l\u2019utilisation du site.<\/p>\n\n\n\n<h2 class=\"wp-block-heading\">2. Les types de cookies utilis\u00e9s<\/h2>\n\n\n\n<p>Notre site utilise diff\u00e9rents types de cookies, chacun ayant un objectif pr\u00e9cis :<\/p>\n\n\n\n<h3 class=\"wp-block-heading\">a) Cookies strictement n\u00e9cessaires<\/h3>\n\n\n\n<p>Ces cookies sont essentiels pour le fonctionnement du site. Sans eux, certaines fonctionnalit\u00e9s ne peuvent pas \u00eatre utilis\u00e9es, comme la navigation entre les pages, l\u2019acc\u00e8s aux zones s\u00e9curis\u00e9es ou la m\u00e9morisation de votre panier.<br><strong>Exemples :<\/strong> cookies de session, cookies de s\u00e9curit\u00e9.<\/p>\n\n\n\n<p><strong>Dur\u00e9e de conservation :<\/strong> g\u00e9n\u00e9ralement jusqu\u2019\u00e0 la fin de votre session ou quelques jours selon la fonctionnalit\u00e9.<\/p>\n\n\n\n<h3 class=\"wp-block-heading\">b) Cookies analytiques<\/h3>\n\n\n\n<p>Ces cookies permettent de comprendre comment les visiteurs utilisent le site, d\u2019analyser le trafic et d\u2019am\u00e9liorer la performance du site.<br><strong>Exemple :<\/strong> Google Analytics.<\/p>\n\n\n\n<p><strong>Dur\u00e9e de conservation :<\/strong> g\u00e9n\u00e9ralement de 13 \u00e0 24 mois selon le cookie, mais configurable par votre navigateur.<\/p>\n\n\n\n<h3 class=\"wp-block-heading\">c) Cookies marketing \/ publicitaires<\/h3>\n\n\n\n<p>Ces cookies sont utilis\u00e9s pour vous proposer des publicit\u00e9s adapt\u00e9es \u00e0 vos centres d\u2019int\u00e9r\u00eat et pour mesurer l\u2019efficacit\u00e9 des campagnes publicitaires.<br>Ils peuvent \u00e9galement \u00eatre utilis\u00e9s par des partenaires tiers pour suivre votre navigation sur diff\u00e9rents sites.<\/p>\n\n\n\n<p><strong>Dur\u00e9e de conservation :<\/strong> varie selon le fournisseur, souvent de 6 \u00e0 24 mois.<\/p>\n\n\n\n<h2 class=\"wp-block-heading\">3. Acceptation et gestion des cookies<\/h2>\n\n\n\n<p>Vous pouvez accepter ou refuser les cookies lors de votre premi\u00e8re visite gr\u00e2ce \u00e0 notre <strong>banni\u00e8re de cookies<\/strong>. Vous avez \u00e9galement la possibilit\u00e9 de modifier vos pr\u00e9f\u00e9rences \u00e0 tout moment via les param\u00e8tres de votre navigateur ou les options sp\u00e9cifiques disponibles sur notre site.<\/p>\n\n\n\n<h3 class=\"wp-block-heading\">a) Accepter les cookies<\/h3>\n\n\n\n<p>En cliquant sur \u201cAccepter\u201d sur la banni\u00e8re, vous autorisez l\u2019utilisation des cookies conform\u00e9ment \u00e0 cette politique.<\/p>\n\n\n\n<h3 class=\"wp-block-heading\">b) Refuser ou modifier vos pr\u00e9f\u00e9rences<\/h3>\n\n\n\n<p>Vous pouvez choisir de d\u00e9sactiver certains types de cookies (analytique ou marketing) tout en conservant les cookies strictement n\u00e9cessaires. Cette option est g\u00e9n\u00e9ralement propos\u00e9e dans le gestionnaire de consentement sur notre site.<\/p>\n\n\n\n<h2 class=\"wp-block-heading\">4. Suppression des cookies via votre navigateur<\/h2>\n\n\n\n<p>Si vous souhaitez supprimer les cookies d\u00e9j\u00e0 enregistr\u00e9s sur votre appareil, vous pouvez le faire directement depuis votre navigateur. Voici les liens vers les guides des principaux navigateurs :<\/p>\n\n\n\n<ul class=\"wp-block-list\">\n<li><strong>Google Chrome :<\/strong> Param\u00e8tres > Confidentialit\u00e9 et s\u00e9curit\u00e9 > Cookies et autres donn\u00e9es > Voir tous les cookies et donn\u00e9es de site.<\/li>\n\n\n\n<li><strong>Mozilla Firefox :<\/strong> Options > Vie priv\u00e9e et s\u00e9curit\u00e9 > Cookies et donn\u00e9es de sites > G\u00e9rer les donn\u00e9es.<\/li>\n\n\n\n<li><strong>Microsoft Edge :<\/strong> Param\u00e8tres > Confidentialit\u00e9, recherche et services > Effacer les donn\u00e9es de navigation.<\/li>\n\n\n\n<li><strong>Safari (Mac) :<\/strong> Pr\u00e9f\u00e9rences > Confidentialit\u00e9 > G\u00e9rer les donn\u00e9es de sites web.<\/li>\n<\/ul>\n\n\n\n<p>Supprimer les cookies peut affecter votre exp\u00e9rience utilisateur et certaines fonctionnalit\u00e9s du site peuvent ne plus fonctionner correctement.<\/p>\n\n\n\n<h3 class=\"wp-block-heading\">5. Mise \u00e0 jour de la politique<\/h3>\n\n\n\n<p>Cette politique de cookies peut \u00eatre mise \u00e0 jour r\u00e9guli\u00e8rement pour refl\u00e9ter les changements technologiques ou r\u00e9glementaires. La date de derni\u00e8re mise \u00e0 jour sera indiqu\u00e9e en haut de la page.<\/p>\n\n\n\n<p><strong>Derni\u00e8re mise \u00e0 jour :<\/strong> 2 mars 2026<\/p>\n","protected":false},"excerpt":{"rendered":"<p>1. Qu\u2019est-ce qu\u2019un cookie ? Un cookie est un petit fichier texte enregistr\u00e9 sur votre appareil (ordinateur, tablette, smartphone) lorsque vous visitez un site internet. Les cookies permettent au site de m\u00e9moriser certaines informations, telles que vos pr\u00e9f\u00e9rences, votre navigation ou votre identification, afin d\u2019am\u00e9liorer votre exp\u00e9rience utilisateur et d\u2019analyser l\u2019utilisation du site. 2. Les [&hellip;]<\/p>\n","protected":false},"author":1,"featured_media":0,"parent":0,"menu_order":0,"comment_status":"closed","ping_status":"closed","template":"","meta":{"footnotes":""},"class_list":["post-2252","page","type-page","status-publish","hentry"],"aioseo_notices":[],"_links":{"self":[{"href":"https:\/\/polevibes.com\/index.php?rest_route=\/wp\/v2\/pages\/2252","targetHints":{"allow":["GET"]}}],"collection":[{"href":"https:\/\/polevibes.com\/index.php?rest_route=\/wp\/v2\/pages"}],"about":[{"href":"https:\/\/polevibes.com\/index.php?rest_route=\/wp\/v2\/types\/page"}],"author":[{"embeddable":true,"href":"https:\/\/polevibes.com\/index.php?rest_route=\/wp\/v2\/users\/1"}],"replies":[{"embeddable":true,"href":"https:\/\/polevibes.com\/index.php?rest_route=%2Fwp%2Fv2%2Fcomments&post=2252"}],"version-history":[{"count":1,"href":"https:\/\/polevibes.com\/index.php?rest_route=\/wp\/v2\/pages\/2252\/revisions"}],"predecessor-version":[{"id":2253,"href":"https:\/\/polevibes.com\/index.php?rest_route=\/wp\/v2\/pages\/2252\/revisions\/2253"}],"wp:attachment":[{"href":"https:\/\/polevibes.com\/index.php?rest_route=%2Fwp%2Fv2%2Fmedia&parent=2252"}],"curies":[{"name":"wp","href":"https:\/\/api.w.org\/{rel}","templated":true}]}}