{"id":6,"date":"2019-09-10T13:03:19","date_gmt":"2019-09-10T13:03:19","guid":{"rendered":"https:\/\/polevibes.com\/?page_id=6"},"modified":"2026-05-03T17:15:05","modified_gmt":"2026-05-03T17:15:05","slug":"surf-camps","status":"publish","type":"page","link":"https:\/\/polevibes.com\/?page_id=6","title":{"rendered":"\u00c9v\u00e8nements"},"content":{"rendered":"<div>\n<p>\u00c9v\u00e8nements<\/div>\n<h1>\n<h3 style=\"text-align: center;\">Anniversaire<\/h3>\n<h3 style=\"text-align: center;\">EVJF<\/h3>\n<h3 style=\"text-align: center;\">EVG<\/h3>\n<\/h1>\n<p><img decoding=\"async\" src=\"\/wp-content\/uploads\/2026\/02\/LogoPV2.png\" alt=\"\"><\/p>\n<h2>\u00c9v\u00e8nements<\/h2>\n<ul>\n<li>\n<h3>EVJF<\/h3>\n<p>35 \/ pers<\/p>\n<div>\n<p><span>1 heure 30<br \/>Min. 6 personnes \/ Max. 12 personnes<br \/>* Contacte moi pour l&rsquo;organisation<\/span><\/p>\n<\/div>\n<\/li>\n<li>\n<h3>EVG<\/h3>\n<p>35 \/ pers<\/p>\n<div>\n<p><span>1 heure 30<br \/>Min. 6 personnes \/ Max. 12 personnes<br \/>* Contacte moi pour l&rsquo;organisation<\/span><\/p>\n<\/div>\n<\/li>\n<li>\n<h3>Anniversaire<\/h3>\n<p>35 \/ pers<\/p>\n<div>\n<p><span>1 heure 30<br \/>Min. 6 personnes \/ Max. 12 personnes<br \/>* Contacte moi pour l&rsquo;organisation<\/span><\/p>\n<\/div>\n<\/li>\n<\/ul>\n<ul>\n<li>\n<p>        <img decoding=\"async\" src=\"\/wp-content\/uploads\/2026\/05\/image00003-111-scaled.jpg\" alt=\"\"><\/p>\n<\/li>\n<li>\n<p>        <img decoding=\"async\" src=\"\/wp-content\/uploads\/2026\/05\/image00015-111-scaled.jpg\" alt=\"\"><\/p>\n<\/li>\n<li>\n<p>        <img decoding=\"async\" src=\"\/wp-content\/uploads\/2026\/05\/image00005-111-scaled.jpg\" alt=\"\"><\/p>\n<\/li>\n<li>\n<p>        <img decoding=\"async\" src=\"\/wp-content\/uploads\/2026\/05\/image00029-111-scaled.jpg\" alt=\"\"><\/p>\n<\/li>\n<\/ul>\n<h2>Cr\u00e9ez un moment magique.<\/h2>\n<div>\n<p data-start=\"126\" data-end=\"276\">Envie d\u2019une id\u00e9e originale pour un <strong data-start=\"161\" data-end=\"193\">EVJF, EVG <\/strong>ou un<strong data-start=\"161\" data-end=\"193\"> anniversaire<\/strong> ?<br \/>Offrez un <strong data-start=\"206\" data-end=\"235\">cours de pole dance priv\u00e9 et accessible \u00e0 tous les niveaux.<\/strong><\/p>\n<p data-start=\"278\" data-end=\"550\">La s\u00e9ance comprend un \u00e9chauffement, l\u2019apprentissage de figures simples, un encha\u00eenement chor\u00e9graphi\u00e9 et un moment convivial pour immortaliser l\u2019\u00e9v\u00e9nement.<br \/>Aucun pr\u00e9requis n\u2019est n\u00e9cessaire : l\u2019objectif est de partager un moment festif, dynamique et m\u00e9morable.<\/p>\n<p data-start=\"552\" data-end=\"663\">Encadr\u00e9s par une professionnelle, vos \u00e9v\u00e9nements sont organis\u00e9s dans une ambiance bienveillante et s\u00e9curis\u00e9e.<\/p>\n<p><span>Organise un moment inoubliable en privatisant un lieu unique durant 1h30 pour un cours de pole dance avec tes proches.<\/span><\/p>\n<\/div>\n<h3>N\u2019h\u00e9site pas \u00e0 me contacter directement pour personnaliser au mieux ce moment.<\/h3>\n<p><!--more--><br \/>\n<!-- {\"type\":\"layout\",\"children\":[{\"type\":\"section\",\"props\":{\"header_transparent\":true,\"header_transparent_noplaceholder\":true,\"height\":\"viewport\",\"height_viewport\":80,\"height_viewport_offset\":true,\"image_position\":\"center-center\",\"image_width\":\"2560\",\"padding_bottom\":\"xlarge\",\"padding_top\":\"xlarge\",\"style\":\"default\",\"text_color\":\"light\",\"title_breakpoint\":\"xl\",\"title_position\":\"top-left\",\"title_rotation\":\"left\",\"vertical_align\":\"middle\",\"video\":\"wp-content\/uploads\/2026\/05\/Design-sans-titre.mp4\",\"width\":\"large\"},\"children\":[{\"type\":\"row\",\"props\":{\"margin_bottom\":\"remove\",\"margin_top\":\"remove\"},\"children\":[{\"type\":\"column\",\"props\":{\"image_position\":\"center-center\",\"position_sticky_breakpoint\":\"m\",\"width_medium\":\"1-1\"},\"children\":[{\"type\":\"headline\",\"props\":{\"content\":\"\n\n\n\n<br \/>\u00c9v\u00e8nements\",\"image_align\":\"left\",\"image_margin\":\"xsmall\",\"margin_bottom\":\"small\",\"margin_top\":\"small\",\"text_align\":\"center\",\"title_element\":\"div\",\"title_font_family\":\"primary\",\"title_style\":\"h2\"}},{\"type\":\"headline\",\"props\":{\"block_align\":\"center\",\"content\":\"\n\n<h3 style=\\\"text-align: center;\\\">Anniversaire<\/h3>\n\n\\n\n\n<h3 style=\\\"text-align: center;\\\">EVJF<\/h3>\n\n\\n\n\n<h3 style=\\\"text-align: center;\\\">EVG<\/h3>\n\n\",\"image_align\":\"left\",\"image_margin\":\"xsmall\",\"margin_top\":\"remove\",\"text_align\":\"center\",\"title_element\":\"h1\",\"title_style\":\"h3\"}}]}]}],\"name\":\"banner evenement\"},{\"type\":\"section\",\"props\":{\"id\":\"evenement\",\"image_position\":\"center-center\",\"padding_top\":\"large\",\"style\":\"default\",\"title_breakpoint\":\"xl\",\"title_position\":\"top-left\",\"title_rotation\":\"left\",\"vertical_align\":\"\",\"width\":\"large\"},\"children\":[{\"type\":\"row\",\"props\":{\"column_gap\":\"large\",\"id\":\"evenements\",\"layout\":\"1-2,1-2\",\"row_gap\":\"large\"},\"children\":[{\"type\":\"column\",\"props\":{\"image_position\":\"center-center\",\"padding\":\"small\",\"position_sticky_breakpoint\":\"m\",\"width_medium\":\"1-2\"},\"children\":[{\"type\":\"image\",\"props\":{\"animation\":\"parallax\",\"image\":\"wp-content\/uploads\/2026\/02\/LogoPV2.png\",\"image_box_decoration\":\"default\",\"image_box_decoration_inverse\":true,\"image_svg_color\":\"emphasis\",\"image_width\":\"900\",\"margin_bottom\":\"default\",\"margin_top\":\"default\",\"parallax_breakpoint\":\"m\",\"parallax_easing\":\"1\",\"parallax_y\":\"5vh,-10vh\"}}]},{\"type\":\"column\",\"props\":{\"image_position\":\"center-center\",\"order_first\":\"m\",\"padding\":\"small\",\"position_sticky_breakpoint\":\"m\",\"style\":\"tile-default\",\"vertical_align\":\"middle\",\"width_medium\":\"1-2\"},\"children\":[{\"type\":\"headline\",\"props\":{\"block_align\":\"right\",\"block_align_breakpoint\":\"m\",\"block_align_fallback\":\"center\",\"content\":\"\u00c9v\u00e8nements\",\"image_align\":\"left\",\"image_margin\":\"xsmall\",\"maxwidth\":\"xlarge\",\"parallax_breakpoint\":\"m\",\"parallax_y\":\"100,-100\",\"text_align\":\"left\",\"text_align_breakpoint\":\"m\",\"text_align_fallback\":\"center\",\"title_element\":\"h2\",\"title_style\":\"h3\"}},{\"type\":\"description_list\",\"props\":{\"block_align\":\"right\",\"block_align_breakpoint\":\"m\",\"block_align_fallback\":\"center\",\"column_breakpoint\":\"m\",\"layout\":\"grid-2-m\",\"list_element\":\"ul\",\"maxwidth\":\"xlarge\",\"meta_align\":\"below-content\",\"meta_style\":\"h2\",\"show_content\":true,\"show_link\":true,\"show_meta\":true,\"show_title\":true,\"title_element\":\"h3\",\"title_grid_column_gap\":\"small\",\"title_grid_row_gap\":\"small\",\"title_grid_width\":\"expand\",\"title_leader\":true,\"title_style\":\"h5\"},\"children\":[{\"type\":\"description_list_item\",\"props\":{\"content\":\"\n\n<p><span>1 heure 30<br \/>Min. 6 personnes \/ Max. 12 personnes<br \/>* Contacte moi pour l'organisation<\/span><\/p>\n\n\",\"meta\":\"35 \/ pers\",\"title\":\"EVJF\"}},{\"type\":\"description_list_item\",\"props\":{\"content\":\"\n\n<p><span>1 heure 30<br \/>Min. 6 personnes \/ Max. 12 personnes<br \/>* Contacte moi pour l'organisation<\/span><\/p>\n\n\",\"meta\":\"35 \/ pers\",\"title\":\"EVG\"}},{\"type\":\"description_list_item\",\"props\":{\"content\":\"\n\n<p><span>1 heure 30<br \/>Min. 6 personnes \/ Max. 12 personnes<br \/>* Contacte moi pour l'organisation<\/span><\/p>\n\n\",\"meta\":\"35 \/ pers\",\"title\":\"Anniversaire\"}}]}]}]}],\"name\":\"Price evenement\"},{\"type\":\"section\",\"props\":{\"image_position\":\"center-center\",\"style\":\"default\",\"title\":\"\u00c9v\u00e8nements\",\"title_breakpoint\":\"xl\",\"title_position\":\"center-right\",\"title_rotation\":\"left\",\"vertical_align\":\"\",\"width\":\"xlarge\"},\"children\":[{\"type\":\"row\",\"props\":{\"layout\":\"1-2,1-2\"},\"children\":[{\"type\":\"column\",\"props\":{\"image_position\":\"center-center\",\"position_sticky_breakpoint\":\"m\",\"width_medium\":\"1-2\"},\"children\":[{\"type\":\"slideshow\",\"props\":{\"animation\":\"parallax\",\"block_align\":\"center\",\"block_align_breakpoint\":\"m\",\"container_padding_remove\":true,\"image_width\":\"1040\",\"link_style\":\"default\",\"link_text\":\"Read more\",\"margin_bottom\":\"default\",\"margin_top\":\"default\",\"meta_align\":\"below-title\",\"meta_element\":\"div\",\"meta_style\":\"text-meta\",\"nav\":\"thumbnav\",\"nav_align\":\"right\",\"nav_below\":true,\"nav_breakpoint\":\"m\",\"nav_position\":\"bottom-right\",\"nav_position_margin\":\"medium\",\"overlay_animation\":\"parallax\",\"overlay_position\":\"center-left\",\"parallax_breakpoint\":\"m\",\"parallax_easing\":\"1\",\"parallax_y\":\"5vh,-10vh\",\"show_content\":true,\"show_link\":true,\"show_meta\":true,\"show_thumbnail\":true,\"show_title\":true,\"slidenav\":\"\",\"slidenav_breakpoint\":\"s\",\"slidenav_margin\":\"medium\",\"slidenav_outside_breakpoint\":\"xl\",\"slideshow_autoplay\":true,\"slideshow_autoplay_pause\":true,\"slideshow_box_decoration\":\"default\",\"slideshow_box_decoration_inverse\":true,\"slideshow_min_height\":\"600\",\"text_align_breakpoint\":\"l\",\"text_align_fallback\":\"center\",\"thumbnav_height\":\"90\",\"thumbnav_svg_color\":\"emphasis\",\"thumbnav_width\":\"100\",\"title_element\":\"h3\",\"title_hover_style\":\"reset\"},\"children\":[{\"type\":\"slideshow_item\",\"props\":{\"image\":\"wp-content\/uploads\/2026\/05\/image00003-111-scaled.jpg\"}},{\"type\":\"slideshow_item\",\"props\":{\"image\":\"wp-content\/uploads\/2026\/05\/image00015-111-scaled.jpg\"}},{\"type\":\"slideshow_item\",\"props\":{\"image\":\"wp-content\/uploads\/2026\/05\/image00005-111-scaled.jpg\"}},{\"type\":\"slideshow_item\",\"props\":{\"image\":\"wp-content\/uploads\/2026\/05\/image00029-111-scaled.jpg\"}}]}]},{\"type\":\"column\",\"props\":{\"image_position\":\"center-center\",\"padding\":\"small\",\"position_sticky_breakpoint\":\"m\",\"vertical_align\":\"middle\",\"width_medium\":\"1-2\"},\"children\":[{\"type\":\"headline\",\"props\":{\"block_align\":\"center\",\"content\":\"Cr\u00e9ez un moment magique.\",\"image_align\":\"left\",\"image_margin\":\"xsmall\",\"margin_bottom\":\"medium\",\"margin_top\":\"remove\",\"maxwidth\":\"xlarge\",\"text_align\":\"left\",\"text_align_breakpoint\":\"m\",\"text_align_fallback\":\"center\",\"title_element\":\"h2\",\"title_style\":\"h3\"}},{\"type\":\"text\",\"props\":{\"block_align\":\"center\",\"column_breakpoint\":\"m\",\"content\":\"\n\n<p data-start=\\\"126\\\" data-end=\\\"276\\\">Envie d\u2019une id\u00e9e originale pour un <strong data-start=\\\"161\\\" data-end=\\\"193\\\">EVJF, EVG <\/strong>ou un<strong data-start=\\\"161\\\" data-end=\\\"193\\\"> anniversaire<\/strong> ?<br \/>Offrez un <strong data-start=\\\"206\\\" data-end=\\\"235\\\">cours de pole dance priv\u00e9 et accessible \u00e0 tous les niveaux.<\/strong><\/p>\n\n\\n\n\n<p data-start=\\\"278\\\" data-end=\\\"550\\\">La s\u00e9ance comprend un \u00e9chauffement, l\u2019apprentissage de figures simples, un encha\u00eenement chor\u00e9graphi\u00e9 et un moment convivial pour immortaliser l\u2019\u00e9v\u00e9nement.<br \/>Aucun pr\u00e9requis n\u2019est n\u00e9cessaire : l\u2019objectif est de partager un moment festif, dynamique et m\u00e9morable.<\/p>\n\n\\n\n\n<p data-start=\\\"552\\\" data-end=\\\"663\\\">Encadr\u00e9s par une professionnelle, vos \u00e9v\u00e9nements sont organis\u00e9s dans une ambiance bienveillante et s\u00e9curis\u00e9e.\n\n<span>Organise un moment inoubliable en privatisant un lieu unique durant 1h30 pour un cours de pole dance avec tes proches.<\/span><\/p>\n\n\",\"margin_bottom\":\"default\",\"margin_top\":\"default\",\"maxwidth\":\"xlarge\",\"text_align\":\"left\",\"text_align_breakpoint\":\"m\",\"text_align_fallback\":\"center\"}},{\"type\":\"headline\",\"props\":{\"block_align\":\"center\",\"content\":\"N\u2019h\u00e9site pas \u00e0 me contacter directement pour personnaliser au mieux ce moment.\",\"image_align\":\"left\",\"image_margin\":\"xsmall\",\"margin_bottom\":\"remove\",\"margin_top\":\"large\",\"maxwidth\":\"xlarge\",\"text_align\":\"left\",\"text_align_breakpoint\":\"m\",\"text_align_fallback\":\"center\",\"title_color\":\"muted\",\"title_element\":\"h3\",\"title_style\":\"h6\"}}]}]}],\"name\":\"Slideshow evenement\"}],\"version\":\"5.0.22\"} --><\/p>\n","protected":false},"excerpt":{"rendered":"<p>\u00c9v\u00e8nements Anniversaire EVJF EVG \u00c9v\u00e8nements EVJF 35 \/ pers 1 heure 30Min. 6 personnes \/ Max. 12 personnes* Contacte moi pour l&rsquo;organisation EVG 35 \/ pers 1 heure 30Min. 6 personnes \/ Max. 12 personnes* Contacte moi pour l&rsquo;organisation Anniversaire 35 \/ pers 1 heure 30Min. 6 personnes \/ Max. 12 personnes* Contacte moi pour [&hellip;]<\/p>\n","protected":false},"author":1,"featured_media":0,"parent":0,"menu_order":6,"comment_status":"closed","ping_status":"closed","template":"","meta":{"footnotes":""},"class_list":["post-6","page","type-page","status-publish","hentry"],"aioseo_notices":[],"_links":{"self":[{"href":"https:\/\/polevibes.com\/index.php?rest_route=\/wp\/v2\/pages\/6","targetHints":{"allow":["GET"]}}],"collection":[{"href":"https:\/\/polevibes.com\/index.php?rest_route=\/wp\/v2\/pages"}],"about":[{"href":"https:\/\/polevibes.com\/index.php?rest_route=\/wp\/v2\/types\/page"}],"author":[{"embeddable":true,"href":"https:\/\/polevibes.com\/index.php?rest_route=\/wp\/v2\/users\/1"}],"replies":[{"embeddable":true,"href":"https:\/\/polevibes.com\/index.php?rest_route=%2Fwp%2Fv2%2Fcomments&post=6"}],"version-history":[{"count":149,"href":"https:\/\/polevibes.com\/index.php?rest_route=\/wp\/v2\/pages\/6\/revisions"}],"predecessor-version":[{"id":2993,"href":"https:\/\/polevibes.com\/index.php?rest_route=\/wp\/v2\/pages\/6\/revisions\/2993"}],"wp:attachment":[{"href":"https:\/\/polevibes.com\/index.php?rest_route=%2Fwp%2Fv2%2Fmedia&parent=6"}],"curies":[{"name":"wp","href":"https:\/\/api.w.org\/{rel}","templated":true}]}}